{"id":1122,"date":"2018-03-01T17:41:11","date_gmt":"2018-03-01T17:41:11","guid":{"rendered":"https:\/\/www.cariamendes.pt\/nationalite\/"},"modified":"2018-03-01T17:41:12","modified_gmt":"2018-03-01T17:41:12","slug":"nationalite","status":"publish","type":"page","link":"https:\/\/www.cariamendes.pt\/fr\/nationalite\/","title":{"rendered":"nationalit\u00e9"},"content":{"rendered":"\t\t<div data-elementor-type=\"wp-page\" data-elementor-id=\"1122\" class=\"elementor elementor-1122 elementor-bc-flex-widget\" data-elementor-settings=\"[]\">\n\t\t\t<div class=\"elementor-inner\">\n\t\t\t\t<div class=\"elementor-section-wrap\">\n\t\t\t\t\t\t\t<section class=\"elementor-element elementor-element-333ffa4 elementor-section-boxed elementor-section-height-default elementor-section-height-default elementor-section elementor-top-section\" data-id=\"333ffa4\" data-element_type=\"section\">\n\t\t\t\t\t\t<div class=\"elementor-container elementor-column-gap-default\">\n\t\t\t\t<div class=\"elementor-row\">\n\t\t\t\t<div class=\"elementor-element elementor-element-920d9f6 elementor-column elementor-col-100 elementor-top-column\" data-id=\"920d9f6\" data-element_type=\"column\">\n\t\t\t<div class=\"elementor-column-wrap  elementor-element-populated\">\n\t\t\t\t\t<div class=\"elementor-widget-wrap\">\n\t\t\t\t<div class=\"elementor-element elementor-element-6433f78 elementor-widget elementor-widget-text-editor\" data-id=\"6433f78\" data-element_type=\"widget\" data-widget_type=\"text-editor.default\">\n\t\t\t\t<div class=\"elementor-widget-container\">\n\t\t\t\t\t<div class=\"elementor-text-editor elementor-clearfix\"><p style=\"font-weight: 400;\">Gr\u00e2ce \u00e0 sa capacit\u00e9 d&rsquo;initiative et de pers\u00e9v\u00e9rance, Cecilia Caria Mendes a collabor\u00e9 activement au d\u00e9veloppement et \u00e0 la mise en \u0153uvre d&rsquo;une l\u00e9gislation qui, au Portugal, autorise depuis 2015 le retour des descendants juifs s\u00e9pharades (Juifs issus des anciennes communaut\u00e9s juives traditionnelles de la p\u00e9ninsule Iberica) d&rsquo;origine portugaise qui le d\u00e9sire, en acqu\u00e9rant la nationalit\u00e9 portugaise &#8211; D\u00e9cret-loi n \u00b0 30-A \/ 2015, du 27-02.<\/p>\n<p style=\"font-weight: 400;\">\n<p style=\"font-weight: 400;\">La nationalit\u00e9 portugaise, par naturalisation, est donn\u00e9e aux descendants des Juifs s\u00e9pharades portugais, \u00e0 condition que les conditions suivantes soient remplies:<\/p>\n<ol>\n<li style=\"font-weight: 400;\">a)Etre \u00e2g\u00e9 de plus de 18 ans ou \u00eatre \u00e9mancip\u00e9 par la loi portugaise;<\/li>\n<li style=\"font-weight: 400;\">b)b) Ne pas avoir \u00e9t\u00e9 condamn\u00e9, avec un jugement d\u00e9finitif et sans appel, pour la commission d&rsquo;une infraction passible d&rsquo;une peine d&#8217;emprisonnement n&rsquo;exc\u00e9dant pas 3 ans, conform\u00e9ment \u00e0 la loi portugaise;<\/li>\n<li style=\"font-weight: 400;\">c)c) D\u00e9montrer une tradition d&rsquo;appartenance \u00e0 une communaut\u00e9 s\u00e9pharade d&rsquo;origine portugaise, bas\u00e9e sur des exigences objectives av\u00e9r\u00e9es de connexion au Portugal, \u00e0 savoir des surnoms, un langage familial, une ascendance directe ou collat\u00e9rale.<\/li>\n<\/ol>\n<p style=\"font-weight: 400;\">Depuis la pr\u00e9paration et la discussion de la loi mentionn\u00e9e, ce bureau a d\u00e9velopp\u00e9 un dur travail dans ce domaine concret, ayant aujourd&rsquo;hui le savoir-faire n\u00e9cessaire qui permet la prestation de tous les services dans ce domaine concret de l&rsquo;activit\u00e9 juridique.<\/p>\n<\/div>\n\t\t\t\t<\/div>\n\t\t\t\t<\/div>\n\t\t\t\t\t\t<\/div>\n\t\t\t<\/div>\n\t\t<\/div>\n\t\t\t\t\t\t<\/div>\n\t\t\t<\/div>\n\t\t<\/section>\n\t\t\t\t\t\t<\/div>\n\t\t\t<\/div>\n\t\t<\/div>\n\t\t","protected":false},"excerpt":{"rendered":"<p>Gr\u00e2ce \u00e0 sa capacit\u00e9 d&rsquo;initiative et de pers\u00e9v\u00e9rance, Cecilia Caria Mendes a collabor\u00e9 activement au d\u00e9veloppement et \u00e0 la mise en \u0153uvre d&rsquo;une l\u00e9gislation qui, au Portugal, autorise depuis 2015 le retour des descendants juifs s\u00e9pharades (Juifs issus des anciennes communaut\u00e9s juives traditionnelles de la&#8230;<\/p>\n","protected":false},"author":1,"featured_media":0,"parent":0,"menu_order":0,"comment_status":"closed","ping_status":"closed","template":"","meta":[],"_links":{"self":[{"href":"https:\/\/www.cariamendes.pt\/fr\/wp-json\/wp\/v2\/pages\/1122"}],"collection":[{"href":"https:\/\/www.cariamendes.pt\/fr\/wp-json\/wp\/v2\/pages"}],"about":[{"href":"https:\/\/www.cariamendes.pt\/fr\/wp-json\/wp\/v2\/types\/page"}],"author":[{"embeddable":true,"href":"https:\/\/www.cariamendes.pt\/fr\/wp-json\/wp\/v2\/users\/1"}],"replies":[{"embeddable":true,"href":"https:\/\/www.cariamendes.pt\/fr\/wp-json\/wp\/v2\/comments?post=1122"}],"version-history":[{"count":1,"href":"https:\/\/www.cariamendes.pt\/fr\/wp-json\/wp\/v2\/pages\/1122\/revisions"}],"predecessor-version":[{"id":1123,"href":"https:\/\/www.cariamendes.pt\/fr\/wp-json\/wp\/v2\/pages\/1122\/revisions\/1123"}],"wp:attachment":[{"href":"https:\/\/www.cariamendes.pt\/fr\/wp-json\/wp\/v2\/media?parent=1122"}],"curies":[{"name":"wp","href":"https:\/\/api.w.org\/{rel}","templated":true}]}}